{"id":10582,"date":"2022-12-19T02:30:10","date_gmt":"2022-12-19T02:30:10","guid":{"rendered":"https:\/\/pasionbalcanica.com\/blog\/"},"modified":"2025-01-04T09:18:55","modified_gmt":"2025-01-04T09:18:55","slug":"blog","status":"publish","type":"page","link":"https:\/\/pasionbalcanica.com\/es\/blog\/","title":{"rendered":"Blog"},"content":{"rendered":"\t\t<div data-elementor-type=\"wp-page\" data-elementor-id=\"10582\" class=\"elementor elementor-10582 elementor-27\" data-elementor-post-type=\"page\">\n\t\t\t\t\t\t<section class=\"elementor-section elementor-top-section elementor-element elementor-element-a4af8c4 elementor-section-full_width elementor-section-height-default elementor-section-height-default\" data-id=\"a4af8c4\" data-element_type=\"section\" data-e-type=\"section\">\n\t\t\t\t\t\t<div class=\"elementor-container elementor-column-gap-default\">\n\t\t\t\t\t<div class=\"elementor-column elementor-col-100 elementor-top-column elementor-element elementor-element-a353021\" data-id=\"a353021\" data-element_type=\"column\" data-e-type=\"column\">\n\t\t\t<div class=\"elementor-widget-wrap elementor-element-populated\">\n\t\t\t\t\t\t<div class=\"elementor-element elementor-element-abb0938 elementor-widget elementor-widget-template\" data-id=\"abb0938\" data-element_type=\"widget\" data-e-type=\"widget\" data-widget_type=\"template.default\">\n\t\t\t\t<div class=\"elementor-widget-container\">\n\t\t\t\t\t\t\t<div class=\"elementor-template\">\n\t\t\t\t\t<div data-elementor-type=\"section\" data-elementor-id=\"9890\" class=\"elementor elementor-9890\" data-elementor-post-type=\"elementor_library\">\n\t\t\t\t\t<section class=\"elementor-section elementor-top-section elementor-element elementor-element-7dfa715a elementor-section-height-min-height elementor-section-boxed elementor-section-height-default elementor-section-items-middle\" data-id=\"7dfa715a\" data-element_type=\"section\" data-e-type=\"section\" data-settings=\"{&quot;background_background&quot;:&quot;gradient&quot;}\">\n\t\t\t\t\t\t<div class=\"elementor-container elementor-column-gap-default\">\n\t\t\t\t\t<div class=\"elementor-column elementor-col-100 elementor-top-column elementor-element elementor-element-19f628dc\" data-id=\"19f628dc\" data-element_type=\"column\" data-e-type=\"column\">\n\t\t\t<div class=\"elementor-widget-wrap elementor-element-populated\">\n\t\t\t\t\t\t<div class=\"elementor-element elementor-element-2e18878d elementor-mobile-align-left elementor-widget elementor-widget-breadcrumbs\" data-id=\"2e18878d\" data-element_type=\"widget\" data-e-type=\"widget\" data-widget_type=\"breadcrumbs.default\">\n\t\t\t\t<div class=\"elementor-widget-container\">\n\t\t\t\t\t<p id=\"breadcrumbs\"><span><span><a href=\"https:\/\/pasionbalcanica.com\/es\/\">Home<\/a><\/span><\/span><\/p>\t\t\t\t<\/div>\n\t\t\t\t<\/div>\n\t\t\t\t\t<\/div>\n\t\t<\/div>\n\t\t\t\t\t<\/div>\n\t\t<\/section>\n\t\t\t\t<\/div>\n\t\t\t\t<\/div>\n\t\t\t\t\t\t<\/div>\n\t\t\t\t<\/div>\n\t\t\t\t\t<\/div>\n\t\t<\/div>\n\t\t\t\t\t<\/div>\n\t\t<\/section>\n\t\t\t\t<section class=\"elementor-section elementor-top-section elementor-element elementor-element-2ac74c4 elementor-section-boxed elementor-section-height-default elementor-section-height-default\" data-id=\"2ac74c4\" data-element_type=\"section\" data-e-type=\"section\">\n\t\t\t\t\t\t<div class=\"elementor-container elementor-column-gap-default\">\n\t\t\t\t\t<div class=\"elementor-column elementor-col-100 elementor-top-column elementor-element elementor-element-2d8cdf9\" data-id=\"2d8cdf9\" data-element_type=\"column\" data-e-type=\"column\">\n\t\t\t<div class=\"elementor-widget-wrap elementor-element-populated\">\n\t\t\t\t\t\t<div class=\"elementor-element elementor-element-5743d92 elementor-widget elementor-widget-gva-heading-block\" data-id=\"5743d92\" data-element_type=\"widget\" data-e-type=\"widget\" data-widget_type=\"gva-heading-block.default\">\n\t\t\t\t<div class=\"elementor-widget-container\">\n\t\t\t\t\t<div class=\"gva-element-gva-heading-block gva-element\">   <div class=\"align-center style-1 widget gsc-heading box-align-left auto-responsive\">\r\n      <div class=\"content-inner\">\r\n         \r\n                  \r\n         <div class=\"sub-title\"><span class=\"tagline\">Blog<\/span><\/div>  \r\n         \r\n                     <h2 class=\"title\">\r\n               <span>Explora Nuestro Blog<\/span>\r\n            <\/h2>\r\n                  \r\n                     <div class=\"title-desc\">Una colecci\u00f3n de historias y perspectivas<\/div>\r\n         \r\n         \r\n      <\/div>\r\n   <\/div>\r\n<\/div>\t\t\t\t<\/div>\n\t\t\t\t<\/div>\n\t\t\t\t<div class=\"elementor-element elementor-element-9678132 elementor-widget elementor-widget-gva-posts\" data-id=\"9678132\" data-element_type=\"widget\" data-e-type=\"widget\" data-widget_type=\"gva-posts.default\">\n\t\t\t\t<div class=\"elementor-widget-container\">\n\t\t\t\t\t<div class=\"gva-element-gva-posts gva-element\">  \r\n  <div class=\"gva-posts-grid clearfix gva-posts\">\r\n\t\t<div class=\"gva-content-items\"> \r\n\t\t  <div class=\"lg-block-grid-3 md-block-grid-3 sm-block-grid-2 xs-block-grid-2 xx-block-grid-1\">\r\n\t\t\t <div class=\"item-columns\"><article class=\"post-10602 post type-post status-publish format-standard has-post-thumbnail hentry category-informations-es tag-sarajevo-es\">\r\n   <div class=\"post post-one__single has-thumbnail\">\r\n      <div class=\"post-one__wrap\">\r\n         <div class=\"post-one__thumbnail\"><a href=\"https:\/\/pasionbalcanica.com\/es\/things-to-see-and-do-when-visiting-sarajevo\/\"><img fetchpriority=\"high\" decoding=\"async\" width=\"500\" height=\"360\" src=\"https:\/\/pasionbalcanica.com\/wp-content\/uploads\/2024\/12\/slajd2-500x360.jpg\" class=\"attachment-post-thumbnail size-post-thumbnail wp-post-image\" alt=\"Cosas que ver y hacer al visitar Sarajevo\" \/><\/a><div class=\"entry-date\"><span class=\"date\">19<\/span><span class=\"month\">Dic<\/span><\/div><\/div>       \r\n         <div class=\"post-one__content\">\r\n            <div class=\"post-one__category\"><span class=\"cat-links\"><a href=\"https:\/\/pasionbalcanica.com\/es\/category\/informations-es\/\" rel=\"category tag\">Informations<\/a>, <a href=\"https:\/\/pasionbalcanica.com\/es\/category\/informations-es\/\" rel=\"category tag\">Informations<\/a><\/span><\/div>            <div class=\"post-one__content-inner\">\r\n               \r\n               <div class=\"post-one__meta\">\r\n                  <div class=\"clearfix meta-inline post-meta-1\"><span class=\"author vcard\"><i class=\"fas fa-user-circle\"><\/i>dev<\/span><\/div>               <\/div> \r\n               <h3 class=\"post-one__title\"><a href=\"https:\/\/pasionbalcanica.com\/es\/things-to-see-and-do-when-visiting-sarajevo\/\" rel=\"bookmark\">Cosas que ver y hacer al visitar Sarajevo<\/a><\/h3>\r\n               <div class=\"post-one__desc\">Sarajevo, la capital de Bosnia y Herzegovina, es una ciudad que mezcla de manera \u00fanica<\/div>               <div class=\"post-one__bottom\">\r\n                  <a class=\"post-one__read-more\" href=\"https:\/\/pasionbalcanica.com\/es\/things-to-see-and-do-when-visiting-sarajevo\/\">\r\n                    Read More                    <i class=\"fa-solid fa-arrow-right\"><\/i>\r\n                  <\/a>\r\n               <\/div>\r\n            <\/div>\r\n         <\/div>\r\n      <\/div>   \r\n   <\/div>   \r\n<\/article><\/div>\t\t  <\/div>\r\n\t\t<\/div>\r\n\t\t\t\t\t <div class=\"pagination\">\r\n\t\t\t\t  \t\t\t <\/div>\r\n\t\t  <\/div>\r\n  <\/div>\t\t\t\t<\/div>\n\t\t\t\t<\/div>\n\t\t\t\t\t<\/div>\n\t\t<\/div>\n\t\t\t\t\t<\/div>\n\t\t<\/section>\n\t\t\t\t<section class=\"elementor-section elementor-top-section elementor-element elementor-element-36049d0 elementor-section-boxed elementor-section-height-default elementor-section-height-default\" data-id=\"36049d0\" data-element_type=\"section\" data-e-type=\"section\">\n\t\t\t\t\t\t<div class=\"elementor-container elementor-column-gap-default\">\n\t\t\t\t\t<div class=\"elementor-column elementor-col-100 elementor-top-column elementor-element elementor-element-b53a859\" data-id=\"b53a859\" data-element_type=\"column\" data-e-type=\"column\">\n\t\t\t<div class=\"elementor-widget-wrap\">\n\t\t\t\t\t\t\t<\/div>\n\t\t<\/div>\n\t\t\t\t\t<\/div>\n\t\t<\/section>\n\t\t\t\t<section class=\"elementor-section elementor-top-section elementor-element elementor-element-ad9faf3 elementor-section-boxed elementor-section-height-default elementor-section-height-default\" data-id=\"ad9faf3\" data-element_type=\"section\" data-e-type=\"section\">\n\t\t\t\t\t\t<div class=\"elementor-container elementor-column-gap-default\">\n\t\t\t\t\t<div class=\"elementor-column elementor-col-100 elementor-top-column elementor-element elementor-element-ed8f2ce\" data-id=\"ed8f2ce\" data-element_type=\"column\" data-e-type=\"column\">\n\t\t\t<div class=\"elementor-widget-wrap\">\n\t\t\t\t\t\t\t<\/div>\n\t\t<\/div>\n\t\t\t\t\t<\/div>\n\t\t<\/section>\n\t\t\t\t<\/div>\n\t\t","protected":false},"excerpt":{"rendered":"<p>Blog Explora Nuestro Blog Una colecci\u00f3n de historias y perspectivas 19Dic Informations, Sin categorizar dev Things to see and do when visiting Sarajevo There are many variations of but the majority have simply free text. Read More<\/p>\n","protected":false},"author":1,"featured_media":0,"parent":0,"menu_order":0,"comment_status":"closed","ping_status":"closed","template":"","meta":{"footnotes":""},"class_list":["post-10582","page","type-page","status-publish","hentry"],"yoast_head":"<!-- This site is optimized with the Yoast SEO Premium plugin v27.0 (Yoast SEO v27.0) - https:\/\/yoast.com\/product\/yoast-seo-premium-wordpress\/ -->\n<title>Blog - Pasi\u00f3n Balc\u00e1nica<\/title>\n<meta name=\"description\" content=\"Blog Explora Nuestro Blog Una colecci\u00f3n de historias y perspectivas 19Dic Informations, Sin categorizar dev Things to see and do when visiting Sarajevo\" \/>\n<meta name=\"robots\" content=\"index, follow, max-snippet:-1, max-image-preview:large, max-video-preview:-1\" \/>\n<link rel=\"canonical\" href=\"https:\/\/pasionbalcanica.com\/es\/blog\/\" \/>\n<meta property=\"og:locale\" content=\"es_ES\" \/>\n<meta property=\"og:type\" content=\"article\" \/>\n<meta property=\"og:title\" content=\"Blog\" \/>\n<meta property=\"og:description\" content=\"Blog Explora Nuestro Blog Una colecci\u00f3n de historias y perspectivas 19Dic Informations, Sin categorizar dev Things to see and do when visiting Sarajevo\" \/>\n<meta property=\"og:url\" content=\"https:\/\/pasionbalcanica.com\/es\/blog\/\" \/>\n<meta property=\"og:site_name\" content=\"Pasi\u00f3n Balc\u00e1nica\" \/>\n<meta property=\"article:publisher\" content=\"https:\/\/www.facebook.com\/pasionbalcanica\" \/>\n<meta property=\"article:modified_time\" content=\"2025-01-04T09:18:55+00:00\" \/>\n<meta property=\"og:image\" content=\"https:\/\/pasionbalcanica.com\/wp-content\/uploads\/2024\/12\/slajd2-500x360.jpg\" \/>\n<meta name=\"twitter:card\" content=\"summary_large_image\" \/>\n<meta name=\"twitter:label1\" content=\"Tiempo de lectura\" \/>\n\t<meta name=\"twitter:data1\" content=\"1 minuto\" \/>\n<script type=\"application\/ld+json\" class=\"yoast-schema-graph\">{\"@context\":\"https:\/\/schema.org\",\"@graph\":[{\"@type\":\"WebPage\",\"@id\":\"https:\/\/pasionbalcanica.com\/es\/blog\/\",\"url\":\"https:\/\/pasionbalcanica.com\/es\/blog\/\",\"name\":\"Blog - Pasi\u00f3n Balc\u00e1nica\",\"isPartOf\":{\"@id\":\"https:\/\/pasionbalcanica.com\/#website\"},\"primaryImageOfPage\":{\"@id\":\"https:\/\/pasionbalcanica.com\/es\/blog\/#primaryimage\"},\"image\":{\"@id\":\"https:\/\/pasionbalcanica.com\/es\/blog\/#primaryimage\"},\"thumbnailUrl\":\"https:\/\/pasionbalcanica.com\/wp-content\/uploads\/2024\/12\/slajd2-500x360.jpg\",\"datePublished\":\"2022-12-19T02:30:10+00:00\",\"dateModified\":\"2025-01-04T09:18:55+00:00\",\"description\":\"Blog Explora Nuestro Blog Una colecci\u00f3n de historias y perspectivas 19Dic Informations, Sin categorizar dev Things to see and do when visiting Sarajevo\",\"breadcrumb\":{\"@id\":\"https:\/\/pasionbalcanica.com\/es\/blog\/#breadcrumb\"},\"inLanguage\":\"es\",\"potentialAction\":[{\"@type\":\"ReadAction\",\"target\":[\"https:\/\/pasionbalcanica.com\/es\/blog\/\"]}]},{\"@type\":\"ImageObject\",\"inLanguage\":\"es\",\"@id\":\"https:\/\/pasionbalcanica.com\/es\/blog\/#primaryimage\",\"url\":\"https:\/\/pasionbalcanica.com\/wp-content\/uploads\/2024\/12\/slajd2-500x360.jpg\",\"contentUrl\":\"https:\/\/pasionbalcanica.com\/wp-content\/uploads\/2024\/12\/slajd2-500x360.jpg\"},{\"@type\":\"BreadcrumbList\",\"@id\":\"https:\/\/pasionbalcanica.com\/es\/blog\/#breadcrumb\",\"itemListElement\":[{\"@type\":\"ListItem\",\"position\":1,\"name\":\"Home\",\"item\":\"https:\/\/pasionbalcanica.com\/es\/\"},{\"@type\":\"ListItem\",\"position\":2,\"name\":\"Blog\"}]},{\"@type\":\"WebSite\",\"@id\":\"https:\/\/pasionbalcanica.com\/#website\",\"url\":\"https:\/\/pasionbalcanica.com\/\",\"name\":\"Pasi\u00f3n Balc\u00e1nica\",\"description\":\"Discover Sarajevo &amp; Bosnia and Herzegovina\",\"publisher\":{\"@id\":\"https:\/\/pasionbalcanica.com\/#organization\"},\"potentialAction\":[{\"@type\":\"SearchAction\",\"target\":{\"@type\":\"EntryPoint\",\"urlTemplate\":\"https:\/\/pasionbalcanica.com\/?s={search_term_string}\"},\"query-input\":{\"@type\":\"PropertyValueSpecification\",\"valueRequired\":true,\"valueName\":\"search_term_string\"}}],\"inLanguage\":\"es\"},{\"@type\":\"Organization\",\"@id\":\"https:\/\/pasionbalcanica.com\/#organization\",\"name\":\"Pasi\u00f3n Balc\u00e1nica\",\"url\":\"https:\/\/pasionbalcanica.com\/\",\"logo\":{\"@type\":\"ImageObject\",\"inLanguage\":\"es\",\"@id\":\"https:\/\/pasionbalcanica.com\/#\/schema\/logo\/image\/\",\"url\":\"https:\/\/pasionbalcanica.com\/wp-content\/uploads\/2024\/12\/logotop.png\",\"contentUrl\":\"https:\/\/pasionbalcanica.com\/wp-content\/uploads\/2024\/12\/logotop.png\",\"width\":384,\"height\":145,\"caption\":\"Pasi\u00f3n Balc\u00e1nica\"},\"image\":{\"@id\":\"https:\/\/pasionbalcanica.com\/#\/schema\/logo\/image\/\"},\"sameAs\":[\"https:\/\/www.facebook.com\/pasionbalcanica\",\"https:\/\/www.instagram.com\/pasionbalcanica\/\"],\"description\":\"We\u2019ve been offering city tours and day excursions in English, Spanish, and Turkish for five years, sharing our love for our homeland. Tourism is our life\",\"email\":\"info@pasionbalcanica.com\",\"telephone\":\"+387 61 376 848\",\"legalName\":\"Passion Balcanica Tours o.d.\"}]}<\/script>\n<!-- \/ Yoast SEO Premium plugin. -->","yoast_head_json":{"title":"Blog - Pasi\u00f3n Balc\u00e1nica","description":"Blog Explora Nuestro Blog Una colecci\u00f3n de historias y perspectivas 19Dic Informations, Sin categorizar dev Things to see and do when visiting Sarajevo","robots":{"index":"index","follow":"follow","max-snippet":"max-snippet:-1","max-image-preview":"max-image-preview:large","max-video-preview":"max-video-preview:-1"},"canonical":"https:\/\/pasionbalcanica.com\/es\/blog\/","og_locale":"es_ES","og_type":"article","og_title":"Blog","og_description":"Blog Explora Nuestro Blog Una colecci\u00f3n de historias y perspectivas 19Dic Informations, Sin categorizar dev Things to see and do when visiting Sarajevo","og_url":"https:\/\/pasionbalcanica.com\/es\/blog\/","og_site_name":"Pasi\u00f3n Balc\u00e1nica","article_publisher":"https:\/\/www.facebook.com\/pasionbalcanica","article_modified_time":"2025-01-04T09:18:55+00:00","og_image":[{"url":"https:\/\/pasionbalcanica.com\/wp-content\/uploads\/2024\/12\/slajd2-500x360.jpg","type":"","width":"","height":""}],"twitter_card":"summary_large_image","twitter_misc":{"Tiempo de lectura":"1 minuto"},"schema":{"@context":"https:\/\/schema.org","@graph":[{"@type":"WebPage","@id":"https:\/\/pasionbalcanica.com\/es\/blog\/","url":"https:\/\/pasionbalcanica.com\/es\/blog\/","name":"Blog - Pasi\u00f3n Balc\u00e1nica","isPartOf":{"@id":"https:\/\/pasionbalcanica.com\/#website"},"primaryImageOfPage":{"@id":"https:\/\/pasionbalcanica.com\/es\/blog\/#primaryimage"},"image":{"@id":"https:\/\/pasionbalcanica.com\/es\/blog\/#primaryimage"},"thumbnailUrl":"https:\/\/pasionbalcanica.com\/wp-content\/uploads\/2024\/12\/slajd2-500x360.jpg","datePublished":"2022-12-19T02:30:10+00:00","dateModified":"2025-01-04T09:18:55+00:00","description":"Blog Explora Nuestro Blog Una colecci\u00f3n de historias y perspectivas 19Dic Informations, Sin categorizar dev Things to see and do when visiting Sarajevo","breadcrumb":{"@id":"https:\/\/pasionbalcanica.com\/es\/blog\/#breadcrumb"},"inLanguage":"es","potentialAction":[{"@type":"ReadAction","target":["https:\/\/pasionbalcanica.com\/es\/blog\/"]}]},{"@type":"ImageObject","inLanguage":"es","@id":"https:\/\/pasionbalcanica.com\/es\/blog\/#primaryimage","url":"https:\/\/pasionbalcanica.com\/wp-content\/uploads\/2024\/12\/slajd2-500x360.jpg","contentUrl":"https:\/\/pasionbalcanica.com\/wp-content\/uploads\/2024\/12\/slajd2-500x360.jpg"},{"@type":"BreadcrumbList","@id":"https:\/\/pasionbalcanica.com\/es\/blog\/#breadcrumb","itemListElement":[{"@type":"ListItem","position":1,"name":"Home","item":"https:\/\/pasionbalcanica.com\/es\/"},{"@type":"ListItem","position":2,"name":"Blog"}]},{"@type":"WebSite","@id":"https:\/\/pasionbalcanica.com\/#website","url":"https:\/\/pasionbalcanica.com\/","name":"Pasi\u00f3n Balc\u00e1nica","description":"Discover Sarajevo &amp; Bosnia and Herzegovina","publisher":{"@id":"https:\/\/pasionbalcanica.com\/#organization"},"potentialAction":[{"@type":"SearchAction","target":{"@type":"EntryPoint","urlTemplate":"https:\/\/pasionbalcanica.com\/?s={search_term_string}"},"query-input":{"@type":"PropertyValueSpecification","valueRequired":true,"valueName":"search_term_string"}}],"inLanguage":"es"},{"@type":"Organization","@id":"https:\/\/pasionbalcanica.com\/#organization","name":"Pasi\u00f3n Balc\u00e1nica","url":"https:\/\/pasionbalcanica.com\/","logo":{"@type":"ImageObject","inLanguage":"es","@id":"https:\/\/pasionbalcanica.com\/#\/schema\/logo\/image\/","url":"https:\/\/pasionbalcanica.com\/wp-content\/uploads\/2024\/12\/logotop.png","contentUrl":"https:\/\/pasionbalcanica.com\/wp-content\/uploads\/2024\/12\/logotop.png","width":384,"height":145,"caption":"Pasi\u00f3n Balc\u00e1nica"},"image":{"@id":"https:\/\/pasionbalcanica.com\/#\/schema\/logo\/image\/"},"sameAs":["https:\/\/www.facebook.com\/pasionbalcanica","https:\/\/www.instagram.com\/pasionbalcanica\/"],"description":"We\u2019ve been offering city tours and day excursions in English, Spanish, and Turkish for five years, sharing our love for our homeland. Tourism is our life","email":"info@pasionbalcanica.com","telephone":"+387 61 376 848","legalName":"Passion Balcanica Tours o.d."}]}},"_links":{"self":[{"href":"https:\/\/pasionbalcanica.com\/es\/wp-json\/wp\/v2\/pages\/10582","targetHints":{"allow":["GET"]}}],"collection":[{"href":"https:\/\/pasionbalcanica.com\/es\/wp-json\/wp\/v2\/pages"}],"about":[{"href":"https:\/\/pasionbalcanica.com\/es\/wp-json\/wp\/v2\/types\/page"}],"author":[{"embeddable":true,"href":"https:\/\/pasionbalcanica.com\/es\/wp-json\/wp\/v2\/users\/1"}],"replies":[{"embeddable":true,"href":"https:\/\/pasionbalcanica.com\/es\/wp-json\/wp\/v2\/comments?post=10582"}],"version-history":[{"count":3,"href":"https:\/\/pasionbalcanica.com\/es\/wp-json\/wp\/v2\/pages\/10582\/revisions"}],"predecessor-version":[{"id":11090,"href":"https:\/\/pasionbalcanica.com\/es\/wp-json\/wp\/v2\/pages\/10582\/revisions\/11090"}],"wp:attachment":[{"href":"https:\/\/pasionbalcanica.com\/es\/wp-json\/wp\/v2\/media?parent=10582"}],"curies":[{"name":"wp","href":"https:\/\/api.w.org\/{rel}","templated":true}]}}